{"id":13206,"date":"2024-08-19T07:26:00","date_gmt":"2024-08-19T07:26:00","guid":{"rendered":"https:\/\/be.muselet.nl\/?post_type=product&#038;p=13206"},"modified":"2025-12-16T21:03:55","modified_gmt":"2025-12-16T19:03:55","slug":"cattier-brut-nature-premier-cru","status":"publish","type":"product","link":"https:\/\/muselet.nl\/de\/shop\/cattier-brut-nature-premier-cru\/","title":{"rendered":"Cattier Brut Nature Premier Cru"},"content":{"rendered":"","protected":false},"excerpt":{"rendered":"<p>Der Brut Nature Premier Cru Champagner von Cattier ist die neue Cuv\u00e9e. Ein sch\u00f6ner, nat\u00fcrlicher Brut-Champagner ohne Zuckerzusatz, der aus 50% Pinot Meunier, 22% Pinot Noir und 28% Chardonnay besteht. Genie\u00dfen Sie Aromen von Biskuit, Birne, Limette und w\u00fcrziger Vanille. Auf der Zunge zeigt dieser Extra Brut Champagner helle Noten von Limette und Birne, gefolgt von einer Verschmelzung mit s\u00fc\u00dfen Gew\u00fcrzen.<\/p>","protected":false},"featured_media":8161,"comment_status":"closed","ping_status":"closed","template":"","meta":{"_acf_changed":false},"product_brand":[],"product_cat":[535,732,650,531,573,534,540,536],"product_tag":[],"class_list":{"0":"post-13206","1":"product","2":"type-product","3":"status-publish","4":"has-post-thumbnail","6":"product_cat-cattier-champagne","7":"product_cat-bouteille","8":"product_cat-brut-nature","9":"product_cat-stijl","10":"product_cat-fris-rijk","11":"product_cat-overig","12":"product_cat-smaakprofielen","13":"product_cat-vind-jouw-fles","15":"first","16":"instock","17":"featured","18":"taxable","19":"shipping-taxable","20":"purchasable","21":"product-type-simple"},"acf":[],"_links":{"self":[{"href":"https:\/\/muselet.nl\/de\/wp-json\/wp\/v2\/product\/13206","targetHints":{"allow":["GET"]}}],"collection":[{"href":"https:\/\/muselet.nl\/de\/wp-json\/wp\/v2\/product"}],"about":[{"href":"https:\/\/muselet.nl\/de\/wp-json\/wp\/v2\/types\/product"}],"replies":[{"embeddable":true,"href":"https:\/\/muselet.nl\/de\/wp-json\/wp\/v2\/comments?post=13206"}],"wp:featuredmedia":[{"embeddable":true,"href":"https:\/\/muselet.nl\/de\/wp-json\/wp\/v2\/media\/8161"}],"wp:attachment":[{"href":"https:\/\/muselet.nl\/de\/wp-json\/wp\/v2\/media?parent=13206"}],"wp:term":[{"taxonomy":"product_brand","embeddable":true,"href":"https:\/\/muselet.nl\/de\/wp-json\/wp\/v2\/product_brand?post=13206"},{"taxonomy":"product_cat","embeddable":true,"href":"https:\/\/muselet.nl\/de\/wp-json\/wp\/v2\/product_cat?post=13206"},{"taxonomy":"product_tag","embeddable":true,"href":"https:\/\/muselet.nl\/de\/wp-json\/wp\/v2\/product_tag?post=13206"}],"curies":[{"name":"wp","href":"https:\/\/api.w.org\/{rel}","templated":true}]}}