{"id":13431,"date":"2024-08-19T07:26:53","date_gmt":"2024-08-19T07:26:53","guid":{"rendered":"https:\/\/be.muselet.nl\/?post_type=product&#038;p=13431"},"modified":"2025-10-07T13:15:05","modified_gmt":"2025-10-07T11:15:05","slug":"piper-heidsieck-cuvee-brut-grose-kuhlbox-2-ao-glaser","status":"publish","type":"product","link":"https:\/\/muselet.nl\/de\/shop\/piper-heidsieck-cuvee-brut-grote-cooler-2-ao-glazen\/","title":{"rendered":"Piper Heidsieck Cuv\u00e9e Brut + gro\u00dfe K\u00fchlbox + 2 AO-Gl\u00e4ser"},"content":{"rendered":"","protected":false},"excerpt":{"rendered":"<p>Dieses einzigartige Set von Piper Heidsieck enth\u00e4lt eine Flasche Brut-Champagner, einen auff\u00e4lligen roten K\u00fchler und zwei Australian-Open-Acrylgl\u00e4ser, die nur einmal w\u00e4hrend der Veranstaltung benutzt wurden. Die ger\u00e4umige K\u00fchlbox h\u00e4lt mehrere Flaschen k\u00fchl, ideal f\u00fcr Partys, Hochzeiten oder Veranstaltungen.<\/p>\n<p>Bitte beachten Sie: Der K\u00fchler und die Gl\u00e4ser sind Vintage-Produkte und k\u00f6nnen leichte Gebrauchsspuren aufweisen.<\/p>\n<p>Zustand K\u00fchler:7\/10<br \/>\n<a href=\"https:\/\/muselet.nl\/de\/konditionsskala\/\">Erl\u00e4uterung der Konditionsskala<\/a><\/p>","protected":false},"featured_media":23872,"comment_status":"closed","ping_status":"closed","template":"","meta":{"_acf_changed":false},"product_brand":[],"product_cat":[567,532,533,547,546,551,531,594,545,548,540],"product_tag":[],"class_list":{"0":"post-13431","1":"product","2":"type-product","3":"status-publish","4":"has-post-thumbnail","6":"product_cat-piper-heidsieck-champagne","7":"product_cat-brut-champagne","8":"product_cat-champagne","9":"product_cat-champagne-cadeau-combinaties","10":"product_cat-champagne-cadeaus","11":"product_cat-champagne-gelegenheden","12":"product_cat-stijl","13":"product_cat-champagne-voor-een-feest","14":"product_cat-fris-levendig","15":"product_cat-reims","16":"product_cat-smaakprofielen","18":"first","19":"instock","20":"taxable","21":"shipping-taxable","22":"purchasable","23":"product-type-simple"},"acf":[],"_links":{"self":[{"href":"https:\/\/muselet.nl\/de\/wp-json\/wp\/v2\/product\/13431","targetHints":{"allow":["GET"]}}],"collection":[{"href":"https:\/\/muselet.nl\/de\/wp-json\/wp\/v2\/product"}],"about":[{"href":"https:\/\/muselet.nl\/de\/wp-json\/wp\/v2\/types\/product"}],"replies":[{"embeddable":true,"href":"https:\/\/muselet.nl\/de\/wp-json\/wp\/v2\/comments?post=13431"}],"wp:featuredmedia":[{"embeddable":true,"href":"https:\/\/muselet.nl\/de\/wp-json\/wp\/v2\/media\/23872"}],"wp:attachment":[{"href":"https:\/\/muselet.nl\/de\/wp-json\/wp\/v2\/media?parent=13431"}],"wp:term":[{"taxonomy":"product_brand","embeddable":true,"href":"https:\/\/muselet.nl\/de\/wp-json\/wp\/v2\/product_brand?post=13431"},{"taxonomy":"product_cat","embeddable":true,"href":"https:\/\/muselet.nl\/de\/wp-json\/wp\/v2\/product_cat?post=13431"},{"taxonomy":"product_tag","embeddable":true,"href":"https:\/\/muselet.nl\/de\/wp-json\/wp\/v2\/product_tag?post=13431"}],"curies":[{"name":"wp","href":"https:\/\/api.w.org\/{rel}","templated":true}]}}