{"id":13894,"date":"2024-08-19T07:28:44","date_gmt":"2024-08-19T07:28:44","guid":{"rendered":"https:\/\/be.muselet.nl\/?post_type=product&#038;p=13894"},"modified":"2025-08-11T10:52:21","modified_gmt":"2025-08-11T08:52:21","slug":"ruinart-blanc-de-blancs-edelstahl-kuhler-2-glaser","status":"publish","type":"product","link":"https:\/\/muselet.nl\/de\/shop\/ruinart-blanc-de-blancs-edelstahl-kuhler-2-glaser\/","title":{"rendered":"Ruinart Blanc de Blancs + K\u00fchler aus Edelstahl + 2 Gl\u00e4ser"},"content":{"rendered":"","protected":false},"excerpt":{"rendered":"<p>Er ist die Seele von Maison Ruinart. Der Blanc de Blancs, der aus 100% Chardonnay hergestellt wird, ist der ultimative Ausdruck dieses Stils. Die delikate Traube stammt haupts\u00e4chlich aus der C\u00f4te de Blancs und der Montagne de Reims. Erst mit der Reifung entfaltet der Chardonnay seinen vollen aromatischen Reichtum.<\/p>\n<p>Erh\u00e4ltlich bei Muselet mit einem Champagnerk\u00fchler aus Edelstahl und zwei Champagnergl\u00e4sern. Dieser K\u00fchler eignet sich zum K\u00fchlen einer Flasche und ist mit dem Markennamen des Champagnerhauses bedruckt. Auch die Gl\u00e4ser sind mit dem Markennamen bedruckt.<\/p>","protected":false},"featured_media":11100,"comment_status":"closed","ping_status":"closed","template":"","meta":{"_acf_changed":false},"product_brand":[],"product_cat":[533,547,546,548,609],"product_tag":[],"class_list":{"0":"post-13894","1":"product","2":"type-product","3":"status-publish","4":"has-post-thumbnail","6":"product_cat-champagne","7":"product_cat-champagne-cadeau-combinaties","8":"product_cat-champagne-cadeaus","9":"product_cat-reims","10":"product_cat-ruinart-champagne","12":"first","13":"outofstock","14":"taxable","15":"shipping-taxable","16":"purchasable","17":"product-type-simple"},"acf":[],"_links":{"self":[{"href":"https:\/\/muselet.nl\/de\/wp-json\/wp\/v2\/product\/13894","targetHints":{"allow":["GET"]}}],"collection":[{"href":"https:\/\/muselet.nl\/de\/wp-json\/wp\/v2\/product"}],"about":[{"href":"https:\/\/muselet.nl\/de\/wp-json\/wp\/v2\/types\/product"}],"replies":[{"embeddable":true,"href":"https:\/\/muselet.nl\/de\/wp-json\/wp\/v2\/comments?post=13894"}],"wp:featuredmedia":[{"embeddable":true,"href":"https:\/\/muselet.nl\/de\/wp-json\/wp\/v2\/media\/11100"}],"wp:attachment":[{"href":"https:\/\/muselet.nl\/de\/wp-json\/wp\/v2\/media?parent=13894"}],"wp:term":[{"taxonomy":"product_brand","embeddable":true,"href":"https:\/\/muselet.nl\/de\/wp-json\/wp\/v2\/product_brand?post=13894"},{"taxonomy":"product_cat","embeddable":true,"href":"https:\/\/muselet.nl\/de\/wp-json\/wp\/v2\/product_cat?post=13894"},{"taxonomy":"product_tag","embeddable":true,"href":"https:\/\/muselet.nl\/de\/wp-json\/wp\/v2\/product_tag?post=13894"}],"curies":[{"name":"wp","href":"https:\/\/api.w.org\/{rel}","templated":true}]}}