{"id":13952,"date":"2024-08-19T07:28:58","date_gmt":"2024-08-19T07:28:58","guid":{"rendered":"https:\/\/be.muselet.nl\/?post_type=product&#038;p=13952"},"modified":"2025-12-23T11:04:04","modified_gmt":"2025-12-23T09:04:04","slug":"pol-roger-blanc-de-blancs-2015-in-exklusiver-geschenkbox","status":"publish","type":"product","link":"https:\/\/muselet.nl\/de\/shop\/pol-roger-blanc-de-blancs-2015-in-exklusiver-geschenkbox\/","title":{"rendered":"Pol Roger Blanc de Blancs 2015 in exklusiver Geschenkverpackung"},"content":{"rendered":"<p>&nbsp;<\/p>\n<p>&nbsp;<\/p>","protected":false},"excerpt":{"rendered":"<p><span style=\"font-weight: 400;\">Diese exklusive Geschenkbox enth\u00e4lt eine elegante Flasche Pol Roger Blanc de Blancs 2015 Champagner und zwei passende Gl\u00e4ser, stilvoll in Satin verpackt. Die luxuri\u00f6se schwarze Box mit goldenen Details und Magnetverschluss macht jeden Moment zu einem unvergesslichen Geschenk. Perfekt f\u00fcr Geburtstage, Jahrestage oder Gesch\u00e4ftspartner.<\/span><\/p>\n<p><span style=\"font-weight: 400;\">Business: Haben Sie Fragen, w\u00fcnschen Sie andere Mengen oder eine individuelle Gestaltung? Bitte z\u00f6gern Sie nicht <\/span><a href=\"https:\/\/muselet.nl\/de\/kontakt\/\"><span style=\"font-weight: 400;\">Kontakt<\/span><\/a><span style=\"font-weight: 400;\"> mit uns.<\/span><\/p>\n<p>&nbsp;<\/p>","protected":false},"featured_media":21781,"comment_status":"closed","ping_status":"closed","template":"","meta":{"_acf_changed":false},"product_brand":[],"product_cat":[683,546,587,531,553,568,593,540,563],"product_tag":[],"class_list":{"0":"post-13952","1":"product","2":"type-product","3":"status-publish","4":"has-post-thumbnail","6":"product_cat-exclusieve-geschenkverpakking","7":"product_cat-champagne-cadeaus","8":"product_cat-champagne-relatiegeschenken","9":"product_cat-stijl","10":"product_cat-epernay","11":"product_cat-millesime","12":"product_cat-pol-roger-champagne","13":"product_cat-smaakprofielen","14":"product_cat-vol-zacht","16":"first","17":"instock","18":"featured","19":"taxable","20":"shipping-taxable","21":"purchasable","22":"product-type-simple"},"acf":[],"_links":{"self":[{"href":"https:\/\/muselet.nl\/de\/wp-json\/wp\/v2\/product\/13952","targetHints":{"allow":["GET"]}}],"collection":[{"href":"https:\/\/muselet.nl\/de\/wp-json\/wp\/v2\/product"}],"about":[{"href":"https:\/\/muselet.nl\/de\/wp-json\/wp\/v2\/types\/product"}],"replies":[{"embeddable":true,"href":"https:\/\/muselet.nl\/de\/wp-json\/wp\/v2\/comments?post=13952"}],"wp:featuredmedia":[{"embeddable":true,"href":"https:\/\/muselet.nl\/de\/wp-json\/wp\/v2\/media\/21781"}],"wp:attachment":[{"href":"https:\/\/muselet.nl\/de\/wp-json\/wp\/v2\/media?parent=13952"}],"wp:term":[{"taxonomy":"product_brand","embeddable":true,"href":"https:\/\/muselet.nl\/de\/wp-json\/wp\/v2\/product_brand?post=13952"},{"taxonomy":"product_cat","embeddable":true,"href":"https:\/\/muselet.nl\/de\/wp-json\/wp\/v2\/product_cat?post=13952"},{"taxonomy":"product_tag","embeddable":true,"href":"https:\/\/muselet.nl\/de\/wp-json\/wp\/v2\/product_tag?post=13952"}],"curies":[{"name":"wp","href":"https:\/\/api.w.org\/{rel}","templated":true}]}}