{"id":13962,"date":"2024-08-19T07:28:58","date_gmt":"2024-08-19T07:28:58","guid":{"rendered":"https:\/\/be.muselet.nl\/?post_type=product&#038;p=13962"},"modified":"2026-04-01T22:26:46","modified_gmt":"2026-04-01T20:26:46","slug":"pol-roger-blanc-de-blancs-2015-kuhlschrank-2-glaser","status":"publish","type":"product","link":"https:\/\/muselet.nl\/de\/shop\/pol-roger-blanc-de-blancs-2015-kuhlschrank-2-glaser\/","title":{"rendered":"Pol Roger Blanc de Blancs 2015 + K\u00fchler + 2 Gl\u00e4ser"},"content":{"rendered":"<p>&nbsp;<\/p>\n<p>&nbsp;<\/p>","protected":false},"excerpt":{"rendered":"<p><span style=\"font-weight: 400;\">Genie\u00dfen Sie den raffinierten Geschmack des Pol Roger Blanc de Blancs 2015 Champagners mit Stil, sch\u00f6n pr\u00e4sentiert in einer Geschenkbox, mit dem eleganten transparenten K\u00fchler von Pol Roger. Dieser exklusive K\u00fchler ist so konzipiert, dass er mehrere Flaschen k\u00fchl halten kann. Das Set wird durch zwei Champagnergl\u00e4ser vervollst\u00e4ndigt, deren F\u00fc\u00dfe mit dem eingravierten Markennamen des Champagnerhauses geschm\u00fcckt sind.\u00a0<\/span><\/p>","protected":false},"featured_media":11301,"comment_status":"closed","ping_status":"closed","template":"","meta":{"_acf_changed":false},"product_brand":[],"product_cat":[593,555,533,547,546,553],"product_tag":[],"class_list":{"0":"post-13962","1":"product","2":"type-product","3":"status-publish","4":"has-post-thumbnail","6":"product_cat-pol-roger-champagne","7":"product_cat-cadeaus","8":"product_cat-champagne","9":"product_cat-champagne-cadeau-combinaties","10":"product_cat-champagne-cadeaus","11":"product_cat-epernay","13":"first","14":"instock","15":"taxable","16":"shipping-taxable","17":"purchasable","18":"product-type-simple"},"acf":[],"_links":{"self":[{"href":"https:\/\/muselet.nl\/de\/wp-json\/wp\/v2\/product\/13962","targetHints":{"allow":["GET"]}}],"collection":[{"href":"https:\/\/muselet.nl\/de\/wp-json\/wp\/v2\/product"}],"about":[{"href":"https:\/\/muselet.nl\/de\/wp-json\/wp\/v2\/types\/product"}],"replies":[{"embeddable":true,"href":"https:\/\/muselet.nl\/de\/wp-json\/wp\/v2\/comments?post=13962"}],"wp:featuredmedia":[{"embeddable":true,"href":"https:\/\/muselet.nl\/de\/wp-json\/wp\/v2\/media\/11301"}],"wp:attachment":[{"href":"https:\/\/muselet.nl\/de\/wp-json\/wp\/v2\/media?parent=13962"}],"wp:term":[{"taxonomy":"product_brand","embeddable":true,"href":"https:\/\/muselet.nl\/de\/wp-json\/wp\/v2\/product_brand?post=13962"},{"taxonomy":"product_cat","embeddable":true,"href":"https:\/\/muselet.nl\/de\/wp-json\/wp\/v2\/product_cat?post=13962"},{"taxonomy":"product_tag","embeddable":true,"href":"https:\/\/muselet.nl\/de\/wp-json\/wp\/v2\/product_tag?post=13962"}],"curies":[{"name":"wp","href":"https:\/\/api.w.org\/{rel}","templated":true}]}}