{"id":15580,"date":"2024-09-24T09:35:45","date_gmt":"2024-09-24T09:35:45","guid":{"rendered":"https:\/\/muselet.nl\/?post_type=product&#038;p=15580"},"modified":"2026-04-15T20:43:27","modified_gmt":"2026-04-15T18:43:27","slug":"barons-de-rothschild-brut-natur","status":"publish","type":"product","link":"https:\/\/muselet.nl\/de\/shop\/barons-de-rothschild-brut-natur\/","title":{"rendered":"Barons de Rothschild Brut Nature"},"content":{"rendered":"","protected":false},"excerpt":{"rendered":"<p>Dieser Brut Nature Champagner von Barons de Rothschild besteht aus 60% Chardonnay und 40% Pinot Noir, wobei 85% der Trauben aus Grand und Premier Cru Weinbergen stammen. Ohne Dosage und mit einer mindestens vierj\u00e4hrigen Reifung auf der Hefe hat dieser Champagner ein kristallklares Aussehen mit feinen Bl\u00e4schen. In der Nase zeigt er Mineralit\u00e4t und wei\u00dfe Fr\u00fcchte, am Gaumen ist er frisch mit salzigen Noten und Zitronens\u00e4ure.<\/p>","protected":false},"featured_media":15728,"comment_status":"open","ping_status":"closed","template":"","meta":{"_acf_changed":false},"product_brand":[],"product_cat":[610,732,531,556,573,548,540,662,663,536],"product_tag":[],"class_list":{"0":"post-15580","1":"product","2":"type-product","3":"status-publish","4":"has-post-thumbnail","6":"product_cat-barons-de-rothschild-champagne","7":"product_cat-bouteille","8":"product_cat-stijl","9":"product_cat-extra-brut","10":"product_cat-fris-rijk","11":"product_cat-reims","12":"product_cat-smaakprofielen","13":"product_cat-testcat","14":"product_cat-testcat2","15":"product_cat-vind-jouw-fles","17":"first","18":"instock","19":"featured","20":"taxable","21":"shipping-taxable","22":"purchasable","23":"product-type-simple"},"acf":[],"_links":{"self":[{"href":"https:\/\/muselet.nl\/de\/wp-json\/wp\/v2\/product\/15580","targetHints":{"allow":["GET"]}}],"collection":[{"href":"https:\/\/muselet.nl\/de\/wp-json\/wp\/v2\/product"}],"about":[{"href":"https:\/\/muselet.nl\/de\/wp-json\/wp\/v2\/types\/product"}],"replies":[{"embeddable":true,"href":"https:\/\/muselet.nl\/de\/wp-json\/wp\/v2\/comments?post=15580"}],"wp:featuredmedia":[{"embeddable":true,"href":"https:\/\/muselet.nl\/de\/wp-json\/wp\/v2\/media\/15728"}],"wp:attachment":[{"href":"https:\/\/muselet.nl\/de\/wp-json\/wp\/v2\/media?parent=15580"}],"wp:term":[{"taxonomy":"product_brand","embeddable":true,"href":"https:\/\/muselet.nl\/de\/wp-json\/wp\/v2\/product_brand?post=15580"},{"taxonomy":"product_cat","embeddable":true,"href":"https:\/\/muselet.nl\/de\/wp-json\/wp\/v2\/product_cat?post=15580"},{"taxonomy":"product_tag","embeddable":true,"href":"https:\/\/muselet.nl\/de\/wp-json\/wp\/v2\/product_tag?post=15580"}],"curies":[{"name":"wp","href":"https:\/\/api.w.org\/{rel}","templated":true}]}}