{"id":24113,"date":"2025-11-06T14:23:12","date_gmt":"2025-11-06T12:23:12","guid":{"rendered":"https:\/\/muselet.nl\/?post_type=product&#038;p=24113"},"modified":"2025-11-06T14:23:12","modified_gmt":"2025-11-06T12:23:12","slug":"veuve-clicquot-extra-brut-extra-alt-4-auflage","status":"publish","type":"product","link":"https:\/\/muselet.nl\/de\/shop\/veuve-clicquot-extra-brut-extra-alt-4-auflage\/","title":{"rendered":"Veuve Clicquot Extra Brut Extra Old 4. Auflage"},"content":{"rendered":"","protected":false},"excerpt":{"rendered":"<p>Der Veuve Clicquot Extra Brut Extra Old 4. Edition ist ein anspruchsvoller Champagner, der Kraft, Tiefe und Eleganz perfekt ausbalanciert. Hergestellt aus sechs au\u00dfergew\u00f6hnlichen Reserve-Jahrg\u00e4ngen, darunter 1996 und 2012, demonstriert diese Cuv\u00e9e die wahre Kunst des Verschneidens. Komplex, frisch und intensiv mineralisch, mit einer extrem niedrigen Dosage von nur 3 g\/l.<\/p>","protected":false},"featured_media":24037,"comment_status":"closed","ping_status":"closed","template":"","meta":{"_acf_changed":false},"product_brand":[],"product_cat":[549,531,556,548,536,563],"product_tag":[],"class_list":{"0":"post-24113","1":"product","2":"type-product","3":"status-publish","4":"has-post-thumbnail","6":"product_cat-veuve-clicquot-champagne","7":"product_cat-stijl","8":"product_cat-extra-brut","9":"product_cat-reims","10":"product_cat-vind-jouw-fles","11":"product_cat-vol-zacht","13":"first","14":"instock","15":"taxable","16":"shipping-taxable","17":"purchasable","18":"product-type-simple"},"acf":[],"_links":{"self":[{"href":"https:\/\/muselet.nl\/de\/wp-json\/wp\/v2\/product\/24113","targetHints":{"allow":["GET"]}}],"collection":[{"href":"https:\/\/muselet.nl\/de\/wp-json\/wp\/v2\/product"}],"about":[{"href":"https:\/\/muselet.nl\/de\/wp-json\/wp\/v2\/types\/product"}],"replies":[{"embeddable":true,"href":"https:\/\/muselet.nl\/de\/wp-json\/wp\/v2\/comments?post=24113"}],"wp:featuredmedia":[{"embeddable":true,"href":"https:\/\/muselet.nl\/de\/wp-json\/wp\/v2\/media\/24037"}],"wp:attachment":[{"href":"https:\/\/muselet.nl\/de\/wp-json\/wp\/v2\/media?parent=24113"}],"wp:term":[{"taxonomy":"product_brand","embeddable":true,"href":"https:\/\/muselet.nl\/de\/wp-json\/wp\/v2\/product_brand?post=24113"},{"taxonomy":"product_cat","embeddable":true,"href":"https:\/\/muselet.nl\/de\/wp-json\/wp\/v2\/product_cat?post=24113"},{"taxonomy":"product_tag","embeddable":true,"href":"https:\/\/muselet.nl\/de\/wp-json\/wp\/v2\/product_tag?post=24113"}],"curies":[{"name":"wp","href":"https:\/\/api.w.org\/{rel}","templated":true}]}}