{"id":24331,"date":"2025-11-25T11:07:02","date_gmt":"2025-11-25T09:07:02","guid":{"rendered":"https:\/\/muselet.nl\/?post_type=product&#038;p=24331"},"modified":"2025-11-25T11:13:22","modified_gmt":"2025-11-25T09:13:22","slug":"veuve-clicquot-glaser","status":"publish","type":"product","link":"https:\/\/muselet.nl\/de\/shop\/veuve-clicquot-glaser\/","title":{"rendered":"Veuve Clicquot Gl\u00e4ser"},"content":{"rendered":"","protected":false},"excerpt":{"rendered":"<p>Verleihen Sie Ihrem Outfit einen verspielten Champagner-Touch mit dieser Veuve Clicquot Brille. Der schwarze Rahmen mit den ikonischen orangefarbenen Beinen des gelben Labels zieht sofort die Aufmerksamkeit auf sich. Die Gl\u00e4ser haben keine Sehst\u00e4rke und sind rein dekorativ. Perfekt f\u00fcr Partys, Verkostungen und Veranstaltungen, bei denen Stil, Spa\u00df und Veuve-Energie zusammenkommen.<\/p>","protected":false},"featured_media":24303,"comment_status":"closed","ping_status":"closed","template":"","meta":{"_acf_changed":false},"product_brand":[],"product_cat":[559,555,548,549],"product_tag":[],"class_list":{"0":"post-24331","1":"product","2":"type-product","3":"status-publish","4":"has-post-thumbnail","6":"product_cat-champagne-accessoires","7":"product_cat-cadeaus","8":"product_cat-reims","9":"product_cat-veuve-clicquot-champagne","11":"first","12":"instock","13":"taxable","14":"shipping-taxable","15":"purchasable","16":"product-type-simple"},"acf":[],"_links":{"self":[{"href":"https:\/\/muselet.nl\/de\/wp-json\/wp\/v2\/product\/24331","targetHints":{"allow":["GET"]}}],"collection":[{"href":"https:\/\/muselet.nl\/de\/wp-json\/wp\/v2\/product"}],"about":[{"href":"https:\/\/muselet.nl\/de\/wp-json\/wp\/v2\/types\/product"}],"replies":[{"embeddable":true,"href":"https:\/\/muselet.nl\/de\/wp-json\/wp\/v2\/comments?post=24331"}],"wp:featuredmedia":[{"embeddable":true,"href":"https:\/\/muselet.nl\/de\/wp-json\/wp\/v2\/media\/24303"}],"wp:attachment":[{"href":"https:\/\/muselet.nl\/de\/wp-json\/wp\/v2\/media?parent=24331"}],"wp:term":[{"taxonomy":"product_brand","embeddable":true,"href":"https:\/\/muselet.nl\/de\/wp-json\/wp\/v2\/product_brand?post=24331"},{"taxonomy":"product_cat","embeddable":true,"href":"https:\/\/muselet.nl\/de\/wp-json\/wp\/v2\/product_cat?post=24331"},{"taxonomy":"product_tag","embeddable":true,"href":"https:\/\/muselet.nl\/de\/wp-json\/wp\/v2\/product_tag?post=24331"}],"curies":[{"name":"wp","href":"https:\/\/api.w.org\/{rel}","templated":true}]}}