{"id":24904,"date":"2026-01-13T14:06:22","date_gmt":"2026-01-13T12:06:22","guid":{"rendered":"https:\/\/muselet.nl\/?post_type=product&#038;p=24904"},"modified":"2026-02-02T20:37:54","modified_gmt":"2026-02-02T18:37:54","slug":"henri-giraud-hommage-au-pinot-noir-grand-cru-brut","status":"publish","type":"product","link":"https:\/\/muselet.nl\/de\/shop\/henri-giraud-hommage-au-pinot-noir-grand-cru-brut\/","title":{"rendered":"Henri Giraud Hommage an den Pinot Noir Grand Cru Brut"},"content":{"rendered":"","protected":false},"excerpt":{"rendered":"<p>Der Henri Giraud Hommage au Pinot Noir zeigt, warum A\u00ff eine der besten Lagen f\u00fcr diese Rebsorte ist. Reife Frucht, W\u00fcrze und ein Hauch von Holz verleihen diesem Champagner Tiefe und Struktur. F\u00fcr alle, die einen Champagner mit K\u00f6rper und Charakter lieben.<\/p>","protected":false},"featured_media":19344,"comment_status":"open","ping_status":"closed","template":"","meta":{"_acf_changed":false},"product_brand":[],"product_cat":[713,543,550,732,533,531,751,671,572,540,536],"product_tag":[],"class_list":{"0":"post-24904","1":"product","2":"type-product","3":"status-publish","4":"has-post-thumbnail","6":"product_cat-henri-giraud-champagne","7":"product_cat-ay","8":"product_cat-blanc-de-noirs","9":"product_cat-bouteille","10":"product_cat-champagne","11":"product_cat-stijl","12":"product_cat-grand-cru-champagne","13":"product_cat-kerst-champagne","14":"product_cat-rond-zacht","15":"product_cat-smaakprofielen","16":"product_cat-vind-jouw-fles","18":"first","19":"instock","20":"taxable","21":"shipping-taxable","22":"purchasable","23":"product-type-simple"},"acf":[],"_links":{"self":[{"href":"https:\/\/muselet.nl\/de\/wp-json\/wp\/v2\/product\/24904","targetHints":{"allow":["GET"]}}],"collection":[{"href":"https:\/\/muselet.nl\/de\/wp-json\/wp\/v2\/product"}],"about":[{"href":"https:\/\/muselet.nl\/de\/wp-json\/wp\/v2\/types\/product"}],"replies":[{"embeddable":true,"href":"https:\/\/muselet.nl\/de\/wp-json\/wp\/v2\/comments?post=24904"}],"wp:featuredmedia":[{"embeddable":true,"href":"https:\/\/muselet.nl\/de\/wp-json\/wp\/v2\/media\/19344"}],"wp:attachment":[{"href":"https:\/\/muselet.nl\/de\/wp-json\/wp\/v2\/media?parent=24904"}],"wp:term":[{"taxonomy":"product_brand","embeddable":true,"href":"https:\/\/muselet.nl\/de\/wp-json\/wp\/v2\/product_brand?post=24904"},{"taxonomy":"product_cat","embeddable":true,"href":"https:\/\/muselet.nl\/de\/wp-json\/wp\/v2\/product_cat?post=24904"},{"taxonomy":"product_tag","embeddable":true,"href":"https:\/\/muselet.nl\/de\/wp-json\/wp\/v2\/product_tag?post=24904"}],"curies":[{"name":"wp","href":"https:\/\/api.w.org\/{rel}","templated":true}]}}