{"id":25498,"date":"2026-04-03T09:32:16","date_gmt":"2026-04-03T07:32:16","guid":{"rendered":"https:\/\/muselet.nl\/?post_type=product&#038;p=25498"},"modified":"2026-04-11T18:52:11","modified_gmt":"2026-04-11T16:52:11","slug":"lallier-reflexion-r-021-mit-2-exklusiven-glasern-in-schachtel","status":"publish","type":"product","link":"https:\/\/muselet.nl\/de\/shop\/lallier-reflexion-r-021-mit-2-exklusiven-glasern-in-schachtel\/","title":{"rendered":"Lallier R\u00e9flexion R.021 mit 2 exklusiven Gl\u00e4sern in Schachtel"},"content":{"rendered":"","protected":false},"excerpt":{"rendered":"<p>Mit diesem Lallier Geschenkset holen Sie sich alles f\u00fcr einen stilvollen Champagner-Moment nach Hause. Sie erhalten eine Flasche Lallier R\u00e9flexion R.021 und zwei exklusive Gl\u00e4ser in einer luxuri\u00f6sen dunkelblauen Verpackung. Ein raffiniertes Set zum Verschenken oder um es gemeinsam in einem besonderen Moment zu genie\u00dfen.<\/p>","protected":false},"featured_media":25536,"comment_status":"closed","ping_status":"closed","template":"","meta":{"_acf_changed":false},"product_brand":[],"product_cat":[619,543,532,555,587,531,691,737,536],"product_tag":[],"class_list":{"0":"post-25498","1":"product","2":"type-product","3":"status-publish","4":"has-post-thumbnail","6":"product_cat-lallier-champagne","7":"product_cat-ay","8":"product_cat-brut-champagne","9":"product_cat-cadeaus","10":"product_cat-champagne-relatiegeschenken","11":"product_cat-stijl","12":"product_cat-champagnecadeaus-met-glazen","13":"product_cat-non-vintage","14":"product_cat-vind-jouw-fles","16":"first","17":"instock","18":"taxable","19":"shipping-taxable","20":"purchasable","21":"product-type-simple"},"acf":[],"_links":{"self":[{"href":"https:\/\/muselet.nl\/de\/wp-json\/wp\/v2\/product\/25498","targetHints":{"allow":["GET"]}}],"collection":[{"href":"https:\/\/muselet.nl\/de\/wp-json\/wp\/v2\/product"}],"about":[{"href":"https:\/\/muselet.nl\/de\/wp-json\/wp\/v2\/types\/product"}],"replies":[{"embeddable":true,"href":"https:\/\/muselet.nl\/de\/wp-json\/wp\/v2\/comments?post=25498"}],"wp:featuredmedia":[{"embeddable":true,"href":"https:\/\/muselet.nl\/de\/wp-json\/wp\/v2\/media\/25536"}],"wp:attachment":[{"href":"https:\/\/muselet.nl\/de\/wp-json\/wp\/v2\/media?parent=25498"}],"wp:term":[{"taxonomy":"product_brand","embeddable":true,"href":"https:\/\/muselet.nl\/de\/wp-json\/wp\/v2\/product_brand?post=25498"},{"taxonomy":"product_cat","embeddable":true,"href":"https:\/\/muselet.nl\/de\/wp-json\/wp\/v2\/product_cat?post=25498"},{"taxonomy":"product_tag","embeddable":true,"href":"https:\/\/muselet.nl\/de\/wp-json\/wp\/v2\/product_tag?post=25498"}],"curies":[{"name":"wp","href":"https:\/\/api.w.org\/{rel}","templated":true}]}}